{"id":428,"date":"2017-02-21T18:02:18","date_gmt":"2017-02-21T18:02:18","guid":{"rendered":"http:\/\/theme.visualmodo.com\/marvel\/?page_id=428"},"modified":"2024-05-20T10:02:30","modified_gmt":"2024-05-20T10:02:30","slug":"home-startup","status":"publish","type":"page","link":"https:\/\/bumca.es\/?page_id=428","title":{"rendered":"Quienes Somos"},"content":{"rendered":"<section class=\"wpb-content-wrapper\"><p>[vc_row full_width=&#8221;stretch_row&#8221; css=&#8221;.vc_custom_1487700420764{padding-top: 100px !important;padding-bottom: 100px !important;background-color: #222328 !important;}&#8221;][vc_column width=&#8221;1\/6&#8243;][\/vc_column][vc_column css_animation=&#8221;fadeIn&#8221; width=&#8221;2\/3&#8243;][vc_column_text css_animation=&#8221;fadeInUp&#8221;]<\/p>\n<h3 style=\"font-size: 30px; line-height: 44px !important; text-align: center;\"><span style=\"color: #ffffff;\"><strong>Bienvenidos a BUMCA, l\u00edderes en soluciones integrales para log\u00edstica, transporte y m\u00e1s.<\/strong><\/span><\/h3>\n<p>[\/vc_column_text][vc_column_text]<\/p>\n<p style=\"font-size: 18px; color: #888888; text-align: center;\">Ofrecemos servicios de alta calidad y confianza en diversas \u00e1reas clave.<\/p>\n<p>[\/vc_column_text][\/vc_column][vc_column width=&#8221;1\/6&#8243;][\/vc_column][\/vc_row][vc_row css=&#8221;.vc_custom_1487587580069{padding-top: 100px !important;padding-bottom: 100px !important;}&#8221;][vc_column width=&#8221;1\/3&#8243;][ve_infobox alignment=&#8221;center&#8221; icon_animation=&#8221;bounce&#8221; title_tag=&#8221;h4&#8243; title_alignment=&#8221;center&#8221; css_animation=&#8221;fadeInUp&#8221; title=&#8221;Log\u00edstica 3PL&#8221; icon=&#8221;linearicons-apartment&#8221; icon_size=&#8221;4rem&#8221; css=&#8221;.vc_custom_1715634137396{padding-bottom: 50px !important;}&#8221; icon_gap=&#8221;0 0 1em 0&#8243;]<\/p>\n<p style=\"text-align: center; font-size: 16px;\">Nuestra experiencia en log\u00edstica de terceros nos permite optimizar sus operaciones, gestionando eficientemente su cadena de suministro para garantizar la entrega oportuna y precisa de sus productos.<\/p>\n<p>[\/ve_infobox][ve_infobox alignment=&#8221;center&#8221; icon_animation=&#8221;bounce&#8221; title_tag=&#8221;h4&#8243; title_alignment=&#8221;center&#8221; css_animation=&#8221;fadeInUp&#8221; title=&#8221;Productos de Seguridad&#8221; icon=&#8221;linearicons-star&#8221; icon_size=&#8221;4rem&#8221; css=&#8221;.vc_custom_1715634241130{padding-bottom: 50px !important;}&#8221; icon_gap=&#8221;0 0 1em 0&#8243;]<\/p>\n<p style=\"text-align: center; font-size: 16px;\">Priorizamos la seguridad en todas nuestras operaciones, ofreciendo una amplia gama de productos y servicios para proteger sus activos y garantizar la integridad de su cadena de suministro.<\/p>\n<p>[\/ve_infobox][ve_infobox alignment=&#8221;center&#8221; icon_animation=&#8221;bounce&#8221; title_tag=&#8221;h4&#8243; title_alignment=&#8221;center&#8221; css_animation=&#8221;fadeInUp&#8221; title=&#8221;Distribuci\u00f3n Farmac\u00e9utica&#8221; icon=&#8221;linearicons-star&#8221; icon_size=&#8221;4rem&#8221; css=&#8221;.vc_custom_1715634340847{padding-bottom: 50px !important;}&#8221; icon_gap=&#8221;0 0 1em 0&#8243;]<\/p>\n<p style=\"text-align: center; font-size: 16px;\">Nos comprometemos con la salud y el bienestar, ofreciendo servicios de distribuci\u00f3n farmac\u00e9utica con los m\u00e1s altos est\u00e1ndares de calidad y seguridad.<\/p>\n<p>[\/ve_infobox][\/vc_column][vc_column width=&#8221;1\/3&#8243;][ve_infobox alignment=&#8221;center&#8221; icon_animation=&#8221;bounce&#8221; title_tag=&#8221;h4&#8243; title_alignment=&#8221;center&#8221; css_animation=&#8221;fadeInUp&#8221; title=&#8221;Paqueter\u00eda &amp; Transporte&#8221; icon=&#8221;linearicons-cog&#8221; icon_size=&#8221;4rem&#8221; css=&#8221;.vc_custom_1715634187773{padding-bottom: 50px !important;}&#8221; icon_gap=&#8221;0 0 1em 0&#8243;]<\/p>\n<p style=\"text-align: center; font-size: 16px;\">Con una red de transporte confiable y eficiente, nos encargamos de llevar sus env\u00edos a cualquier destino, con la seguridad y puntualidad que usted merece.<\/p>\n<p>[\/ve_infobox][ve_infobox alignment=&#8221;center&#8221; icon_animation=&#8221;bounce&#8221; title_tag=&#8221;h4&#8243; title_alignment=&#8221;center&#8221; css_animation=&#8221;fadeInUp&#8221; title=&#8221;Distribuci\u00f3n&#8221; icon=&#8221;linearicons-laptop-phone&#8221; icon_size=&#8221;4rem&#8221; css=&#8221;.vc_custom_1715634263359{padding-bottom: 50px !important;}&#8221; icon_gap=&#8221;0 0 1em 0&#8243;]<\/p>\n<p style=\"text-align: center; font-size: 16px;\">Desde el almacenamiento hasta la distribuci\u00f3n final, gestionamos cada etapa del proceso con precisi\u00f3n y eficiencia para asegurar que sus productos lleguen a su destino en perfectas condiciones.<\/p>\n<p>[\/ve_infobox][\/vc_column][vc_column width=&#8221;1\/3&#8243;][ve_infobox alignment=&#8221;center&#8221; icon_animation=&#8221;bounce&#8221; title_tag=&#8221;h4&#8243; title_alignment=&#8221;center&#8221; css_animation=&#8221;fadeInUp&#8221; title=&#8221;Consultor\u00eda&#8221; icon=&#8221;interface-interface-42&#8243; icon_size=&#8221;4rem&#8221; css=&#8221;.vc_custom_1715634211189{padding-bottom: 50px !important;}&#8221; icon_gap=&#8221;0 0 1em 0&#8243;]<\/p>\n<p style=\"text-align: center; font-size: 16px;\">Contamos con un equipo de expertos en consultor\u00eda log\u00edstica, listos para analizar sus procesos y ofrecer soluciones personalizadas que impulsen el crecimiento de su negocio.<\/p>\n<p>[\/ve_infobox][ve_infobox alignment=&#8221;center&#8221; icon_animation=&#8221;bounce&#8221; title_tag=&#8221;h4&#8243; title_alignment=&#8221;center&#8221; css_animation=&#8221;fadeInUp&#8221; title=&#8221;Log\u00edstica Promocional y Marketing&#8221; icon=&#8221;linearicons-cloud-sync&#8221; icon_size=&#8221;4rem&#8221; css=&#8221;.vc_custom_1715634287155{padding-bottom: 50px !important;}&#8221; icon_gap=&#8221;0 0 1em 0&#8243;]<\/p>\n<p style=\"text-align: center; font-size: 16px;\">A trav\u00e9s de estrategias innovadoras de log\u00edstica promocional y marketing, ayudamos a potenciar la visibilidad y el impacto de sus campa\u00f1as, asegurando resultados tangibles.<\/p>\n<p>[\/ve_infobox][\/vc_column][\/vc_row][vc_row full_width=&#8221;stretch_row&#8221; full_height=&#8221;yes&#8221; enable_overlay=&#8221;enable_overlay_value&#8221; overlay_color=&#8221;rgba(0,0,0,0.5)&#8221; css=&#8221;.vc_custom_1487700700583{background-image: url(http:\/\/theme.visualmodo.com\/marvel\/wp-content\/uploads\/sites\/32\/2017\/02\/beyond-image-07.jpg?id=249) !important;background-position: center !important;background-repeat: no-repeat !important;background-size: cover !important;}&#8221;][vc_column width=&#8221;1\/2&#8243;][vc_column_text css_animation=&#8221;fadeInUp&#8221;]<\/p>\n<h3 style=\"font-size: 30px; line-height: 44px !important; text-align: left;\"><strong>Soluciones Log\u00edsticas Integradas<\/strong><\/h3>\n<p>[\/vc_column_text][vc_column_text]<\/p>\n<p style=\"font-size: 18px; color: #666666; text-align: left;\">Nuestra plataforma todo en uno cubre todos los aspectos de la log\u00edstica. Desde la gesti\u00f3n de inventario hasta la distribuci\u00f3n, ofrecemos un servicio completo. Establecemos relaciones duraderas contigo, donde la colaboraci\u00f3n es clave para optimizar tu cadena de suministro.<\/p>\n<p>[\/vc_column_text][\/vc_column][vc_column width=&#8221;1\/2&#8243;][\/vc_column][\/vc_row][vc_row css=&#8221;.vc_custom_1487703930915{padding-top: 100px !important;padding-bottom: 100px !important;}&#8221;][vc_column width=&#8221;1\/4&#8243;][vc_custom_heading text=&#8221;01.&#8221; font_container=&#8221;tag:h5|font_size:80px|text_align:left|color:%23eeeeee|line_height:80px&#8221; use_theme_fonts=&#8221;yes&#8221; css_animation=&#8221;fadeInUp&#8221;][ve_infobox title_tag=&#8221;h3&#8243; title=&#8221;EXPERIENCIA INTEGRAL&#8221; title_line_height=&#8221;1.5em&#8221; title_size=&#8221;1.1rem&#8221;]Expertos en soluciones log\u00edsticas integrales para optimizar su cadena de suministro.[\/ve_infobox][\/vc_column][vc_column width=&#8221;1\/4&#8243;][vc_custom_heading text=&#8221;02.&#8221; font_container=&#8221;tag:h5|font_size:80px|text_align:left|color:%23eeeeee|line_height:80px&#8221; use_theme_fonts=&#8221;yes&#8221; css_animation=&#8221;fadeInUp&#8221;][ve_infobox title_tag=&#8221;h3&#8243; title=&#8221;COMPROMISO CON LA CALIDAD&#8221; title_line_height=&#8221;1.5em&#8221; title_size=&#8221;1.1rem&#8221;]Garantizamos servicios de alta calidad y confiabilidad en cada paso.[\/ve_infobox][\/vc_column][vc_column width=&#8221;1\/4&#8243;][vc_custom_heading text=&#8221;03.&#8221; font_container=&#8221;tag:h5|font_size:80px|text_align:left|color:%23eeeeee|line_height:80px&#8221; use_theme_fonts=&#8221;yes&#8221; css_animation=&#8221;fadeInUp&#8221;][ve_infobox title_tag=&#8221;h3&#8243; title=&#8221;ENFOQUE EN LA COLABORACI\u00d3N&#8221; title_line_height=&#8221;1.5em&#8221; title_size=&#8221;1.1rem&#8221;]Valoramos la colaboraci\u00f3n para alcanzar resultados \u00f3ptimos y relaciones duraderas.[\/ve_infobox][\/vc_column][vc_column width=&#8221;1\/4&#8243;][vc_custom_heading text=&#8221;04.&#8221; font_container=&#8221;tag:h5|font_size:80px|text_align:left|color:%23eeeeee|line_height:80px&#8221; use_theme_fonts=&#8221;yes&#8221; css_animation=&#8221;fadeInUp&#8221;][ve_infobox title_tag=&#8221;h3&#8243; title=&#8221;INNOVACI\u00d3N CONSTANTE&#8221; title_line_height=&#8221;1.5em&#8221; title_size=&#8221;1.1rem&#8221;]Impulsamos la innovaci\u00f3n continua para adaptarnos a las necesidades cambiantes del mercado.[\/ve_infobox][\/vc_column][\/vc_row][vc_row][vc_column][vc_separator][\/vc_column][\/vc_row]<\/p>\n<\/section>","protected":false},"excerpt":{"rendered":"<p class=\"card-text\">[vc_row full_width=&#8221;stretch_row&#8221; css=&#8221;.vc_custom_1487700420764{padding-top: 100px !important;padding-bottom: 100px !important;background-color: #222328 !important;}&#8221;][vc_column width=&#8221;1\/6&#8243;][\/vc_column][vc_column css_animation=&#8221;fadeIn&#8221; width=&#8221;2\/3&#8243;][vc_column_text css_animation=&#8221;fadeInUp&#8221;] Bienvenidos a BUMCA, l\u00edderes en soluciones integrales para log\u00edstica, transporte y m\u00e1s. [\/vc_column_text][vc_column_text] Ofrecemos servicios de alta calidad y confianza en diversas \u00e1reas clave. [\/vc_column_text][\/vc_column][vc_column width=&#8221;1\/6&#8243;][\/vc_column][\/vc_row][vc_row css=&#8221;.vc_custom_1487587580069{padding-top: 100px !important;padding-bottom: 100px !important;}&#8221;][vc_column width=&#8221;1\/3&#8243;][ve_infobox alignment=&#8221;center&#8221; icon_animation=&#8221;bounce&#8221; title_tag=&#8221;h4&#8243; title_alignment=&#8221;center&#8221; css_animation=&#8221;fadeInUp&#8221; title=&#8221;Log\u00edstica 3PL&#8221; icon=&#8221;linearicons-apartment&#8221; icon_size=&#8221;4rem&#8221; css=&#8221;.vc_custom_1715634137396{padding-bottom: [&#8230;]<\/p>\n<p class=\"m-0\"><a class=\"btn btn-outline-secondary btn-read-more\" href=\"https:\/\/bumca.es\/?page_id=428\">Read More<\/a><\/p>\n","protected":false},"author":1,"featured_media":0,"parent":0,"menu_order":0,"comment_status":"closed","ping_status":"closed","template":"","meta":{"footnotes":""},"class_list":["post-428","page","type-page","status-publish","hentry"],"_links":{"self":[{"href":"https:\/\/bumca.es\/index.php?rest_route=\/wp\/v2\/pages\/428","targetHints":{"allow":["GET"]}}],"collection":[{"href":"https:\/\/bumca.es\/index.php?rest_route=\/wp\/v2\/pages"}],"about":[{"href":"https:\/\/bumca.es\/index.php?rest_route=\/wp\/v2\/types\/page"}],"author":[{"embeddable":true,"href":"https:\/\/bumca.es\/index.php?rest_route=\/wp\/v2\/users\/1"}],"replies":[{"embeddable":true,"href":"https:\/\/bumca.es\/index.php?rest_route=%2Fwp%2Fv2%2Fcomments&post=428"}],"version-history":[{"count":12,"href":"https:\/\/bumca.es\/index.php?rest_route=\/wp\/v2\/pages\/428\/revisions"}],"predecessor-version":[{"id":1748,"href":"https:\/\/bumca.es\/index.php?rest_route=\/wp\/v2\/pages\/428\/revisions\/1748"}],"wp:attachment":[{"href":"https:\/\/bumca.es\/index.php?rest_route=%2Fwp%2Fv2%2Fmedia&parent=428"}],"curies":[{"name":"wp","href":"https:\/\/api.w.org\/{rel}","templated":true}]}}