{"id":381,"date":"2017-02-21T12:21:14","date_gmt":"2017-02-21T12:21:14","guid":{"rendered":"http:\/\/theme.visualmodo.com\/marvel\/?page_id=381"},"modified":"2025-10-30T10:30:40","modified_gmt":"2025-10-30T10:30:40","slug":"about-us","status":"publish","type":"page","link":"https:\/\/bumca.es\/?page_id=381","title":{"rendered":"Empresas"},"content":{"rendered":"<section class=\"wpb-content-wrapper\"><p>[vc_row css=&#8221;.vc_custom_1487686223244{padding-top: 100px !important;padding-bottom: 100px !important;}&#8221;][vc_column width=&#8221;1\/6&#8243;][\/vc_column][vc_column width=&#8221;2\/3&#8243;][vc_column_text css_animation=&#8221;fadeInUp&#8221;]<\/p>\n<h3 style=\"font-size: 30px; line-height: 44px !important; text-align: center;\"><strong>Alianzas Estrat\u00e9gicas:<\/strong><\/h3>\n<h3 style=\"font-size: 30px; line-height: 44px !important; text-align: center;\"><strong>Potenciando Soluciones Integrales<\/strong><\/h3>\n<p>[\/vc_column_text][vc_column_text]<\/p>\n<p style=\"font-size: 18px; color: #888888; text-align: center;\">&#8220;Explora nuestro amplio portafolio de empresas asociadas, unidas por un compromiso compartido con la excelencia y la innovaci\u00f3n en cada sector. Descubre c\u00f3mo estas alianzas estrat\u00e9gicas fortalecen nuestra capacidad para ofrecer soluciones integrales y adaptadas a tus necesidades espec\u00edficas.&#8221;<\/p>\n<p>[\/vc_column_text][\/vc_column][vc_column width=&#8221;1\/6&#8243;][\/vc_column][\/vc_row][vc_row css=&#8221;.vc_custom_1487616903446{padding-top: 50px !important;padding-bottom: 100px !important;}&#8221;][vc_column][ve_portfolio portfolio_layout=&#8221;masonry-portfolio&#8221; portfolio_columns_count=&#8221;3clm&#8221; portfolio_item_no_space=&#8221;yes&#8221; portfolio_post_link=&#8221;link_fancybox&#8221; portfolio_sortable_name=&#8221;All&#8221; order=&#8221;ASC&#8221; css=&#8221;.vc_custom_1715719555925{padding-top: 30px !important;padding-right: 30px !important;padding-bottom: 30px !important;padding-left: 30px !important;}&#8221;][\/vc_column][\/vc_row][vc_row css=&#8221;.vc_custom_1487599765599{padding-top: 100px !important;}&#8221;][vc_column width=&#8221;1\/6&#8243;][\/vc_column][vc_column width=&#8221;2\/3&#8243;][vc_column_text css_animation=&#8221;fadeInUp&#8221;]<\/p>\n<h3 style=\"font-size: 30px; line-height: 44px !important; text-align: center;\"><strong>Lo que dicen los clientes sobre nosotros<\/strong><\/h3>\n<p>[\/vc_column_text][\/vc_column][vc_column width=&#8221;1\/6&#8243;][\/vc_column][\/vc_row][vc_row css=&#8221;.vc_custom_1487602383280{padding-top: 50px !important;padding-bottom: 100px !important;}&#8221;][vc_column][ve_testimonial_container][ve_testimonial_section occupation=&#8221;Cliente Satisfecho&#8221;]&#8221;Incre\u00edble servicio al cliente. Siempre est\u00e1n dispuestos a ayudar y encuentran soluciones r\u00e1pidas a cualquier problema que pueda surgir en nuestra cadena de suministro.&#8221;[\/ve_testimonial_section][ve_testimonial_section occupation=&#8221;Cliente Satisfecho&#8221;]&#8221;La plataforma de log\u00edstica integrada de ESFFERA ha revolucionado nuestra gesti\u00f3n de inventario. Ahora podemos rastrear y gestionar nuestros productos de manera eficiente, lo que ha mejorado significativamente nuestra productividad.&#8221;[\/ve_testimonial_section][ve_testimonial_section occupation=&#8221;Cliente Satisfecho&#8221;]&#8221;Trabajar con PARCELONE ha sido una experiencia excepcional. Su equipo est\u00e1 altamente comprometido y siempre va m\u00e1s all\u00e1 para asegurarse de que estemos satisfechos con los resultados.&#8221;[\/ve_testimonial_section][ve_testimonial_section occupation=&#8221;Cliente Satisfecho&#8221;]&#8221;Recomendar\u00eda ESFFERA a cualquier empresa que busque soluciones log\u00edsticas confiables y eficientes. Su enfoque centrado en el cliente y su capacidad para adaptarse a nuestras necesidades espec\u00edficas nos han convertido en clientes fieles a largo plazo.&#8221;[\/ve_testimonial_section][\/ve_testimonial_container][\/vc_column][\/vc_row]<\/p>\n<\/section>","protected":false},"excerpt":{"rendered":"<p class=\"card-text\">[vc_row css=&#8221;.vc_custom_1487686223244{padding-top: 100px !important;padding-bottom: 100px !important;}&#8221;][vc_column width=&#8221;1\/6&#8243;][\/vc_column][vc_column width=&#8221;2\/3&#8243;][vc_column_text css_animation=&#8221;fadeInUp&#8221;] Alianzas Estrat\u00e9gicas: Potenciando Soluciones Integrales [\/vc_column_text][vc_column_text] &#8220;Explora nuestro amplio portafolio de empresas asociadas, unidas por un compromiso compartido con la excelencia y la innovaci\u00f3n en cada sector. Descubre c\u00f3mo estas alianzas estrat\u00e9gicas fortalecen nuestra capacidad para ofrecer soluciones integrales y adaptadas a tus necesidades espec\u00edficas.&#8221; [\/vc_column_text][\/vc_column][vc_column [&#8230;]<\/p>\n<p class=\"m-0\"><a class=\"btn btn-outline-secondary btn-read-more\" href=\"https:\/\/bumca.es\/?page_id=381\">Read More<\/a><\/p>\n","protected":false},"author":1,"featured_media":0,"parent":0,"menu_order":0,"comment_status":"closed","ping_status":"closed","template":"","meta":{"footnotes":""},"class_list":["post-381","page","type-page","status-publish","hentry"],"_links":{"self":[{"href":"https:\/\/bumca.es\/index.php?rest_route=\/wp\/v2\/pages\/381","targetHints":{"allow":["GET"]}}],"collection":[{"href":"https:\/\/bumca.es\/index.php?rest_route=\/wp\/v2\/pages"}],"about":[{"href":"https:\/\/bumca.es\/index.php?rest_route=\/wp\/v2\/types\/page"}],"author":[{"embeddable":true,"href":"https:\/\/bumca.es\/index.php?rest_route=\/wp\/v2\/users\/1"}],"replies":[{"embeddable":true,"href":"https:\/\/bumca.es\/index.php?rest_route=%2Fwp%2Fv2%2Fcomments&post=381"}],"version-history":[{"count":14,"href":"https:\/\/bumca.es\/index.php?rest_route=\/wp\/v2\/pages\/381\/revisions"}],"predecessor-version":[{"id":1795,"href":"https:\/\/bumca.es\/index.php?rest_route=\/wp\/v2\/pages\/381\/revisions\/1795"}],"wp:attachment":[{"href":"https:\/\/bumca.es\/index.php?rest_route=%2Fwp%2Fv2%2Fmedia&parent=381"}],"curies":[{"name":"wp","href":"https:\/\/api.w.org\/{rel}","templated":true}]}}