{"id":1676,"date":"2024-05-16T08:18:46","date_gmt":"2024-05-16T08:18:46","guid":{"rendered":"https:\/\/bumca.es\/?page_id=1676"},"modified":"2024-10-02T08:37:35","modified_gmt":"2024-10-02T08:37:35","slug":"politica-de-cookies","status":"publish","type":"page","link":"https:\/\/bumca.es\/?page_id=1676","title":{"rendered":"Pol\u00edtica de Cookies"},"content":{"rendered":"<section class=\"wpb-content-wrapper\"><p>[vc_row full_width=&#8221;stretch_row&#8221; animation_type=&#8221;h&#8221; horizontal_animation=&#8221;left-animation&#8221; vertical_animation=&#8221;top-animation&#8221; css=&#8221;.vc_custom_1448202694210{margin-bottom: 0px !important;padding-top: 100px !important;background-color: #ffffff !important;}&#8221;][vc_column]<div id=\"ultimate-heading-437469debe7b025f4\" class=\"uvc-heading ult-adjust-bottom-margin ultimate-heading-437469debe7b025f4 uvc-2511 \" data-hspacer=\"line_with_icon\" data-hline_width=\"200\" data-hicon_type=\"selector\" data-hborder_style=\"solid\" data-hborder_height=\"1\" data-hborder_color=\"#ccc\" data-icon_width=\"16\" data-hfixer=\"10\"  data-halign=\"center\" style=\"text-align:center\"><div class=\"uvc-main-heading ult-responsive\"  data-ultimate-target='.uvc-heading.ultimate-heading-437469debe7b025f4 h2'  data-responsive-json-new='{\"font-size\":\"desktop:20px;\",\"line-height\":\"\"}' ><h2 style=\"font-family:&#039;Roboto Slab&#039;;font-weight:normal;margin-top:10px;margin-bottom:10px;\">Pol\u00edtica de Cookies<\/h2><\/div><div class=\"uvc-heading-spacer line_with_icon\" style=\"margin-top:10px;margin-bottom:10px;height:16px;\"><div class=\"ult-just-icon-wrapper  \"><div class=\"align-icon\" style=\"text-align:center;\">\n<div class=\"aio-icon none \"  style=\"font-size:16px;display:inline-block;\">\n\t<i class=\"Ultimate-set-uniF111\"><\/i>\n<\/div><\/div><\/div><\/div><\/div>[vc_column_text]<\/p>\n<section class=\"vc_rows wpb_rows vc_rows-fluid\">\n<div class=\"row\">\n<div class=\"wpb_column col-md-12 active\">\n<div class=\"wpb_wrapper\">\n<div class=\"wpb_raw_code wpb_content_element wpb_raw_html\">\n<div class=\"wpb_wrapper\">\n<p class=\"pke_1\">Una Cookie es un fichero que se descarga en su ordenador al acceder a determinadas p\u00e1ginas web. Las cookies permiten a una p\u00e1gina web, entre otras cosas, almacenar y recuperar informaci\u00f3n sobre los h\u00e1bitos de navegaci\u00f3n de un usuario o de su equipo y, dependiendo de la informaci\u00f3n que contenga y de la forma en que utilice su equipo, pueden utilizarse para reconocer al usuario.<\/p>\n<p class=\"pke_1\">Las cookies son esenciales para el funcionamiento de internet, aportando innumerables ventajas en la prestaci\u00f3n de servicios interactivos, facilit\u00e1ndole la navegaci\u00f3n y usabilidad de nuestra web.<\/p>\n<p class=\"pke_1\">La informaci\u00f3n que le proporcionamos a continuaci\u00f3n, le ayudar\u00e1 a comprender los diferentes tipos de cookies:<\/p>\n<\/div>\n<\/div>\n<\/div>\n<\/div>\n<\/div>\n<\/section>\n<section class=\"vc_rows wpb_rows vc_rows-fluid\">\n<div class=\"row\">\n<div class=\"wpb_column col-md-12 active\">\n<div class=\"wpb_wrapper\">\n<div class=\"wpb_raw_code wpb_content_element wpb_raw_html\">\n<div class=\"wpb_wrapper\">\n<div class=\"container\">\n<div class=\"table-responsive pke_1\">\n<table class=\"table\">\n<thead>\n<tr>\n<th class=\"title_1\" colspan=\"3\"><center>TIPOS DE COOKIES<\/center><\/th>\n<\/tr>\n<\/thead>\n<tbody>\n<tr>\n<td class=\"ce_1\" rowspan=\"2\">SEG\u00daN LA ENTIDAD QUE LAS GESTIONE<\/td>\n<td>Cookies propias<\/td>\n<td>Son aquellas que se recaban por el propio editor para prestar el servicio solicitado por el usuario.<\/td>\n<\/tr>\n<tr>\n<td>Cookies de tercero<\/td>\n<td>Son aquellas que son recabadas y gestionadas por un tercero, estas no se pueden considerar propias.<\/td>\n<\/tr>\n<tr>\n<td class=\"ce_1\" rowspan=\"2\">SEG\u00daN EL PLAZO DE TIEMPO QUE PERMANEZCAN ACTIVADAS<\/td>\n<td>Cookies de sesi\u00f3n<\/td>\n<td>Recaban datos mientras el usuario navega por la red con la finalidad de prestar el servicio solicitado.<\/td>\n<\/tr>\n<tr>\n<td>Cookies persistentes<\/td>\n<td>Se almacenan en el terminal y la informaci\u00f3n obtenida, ser\u00e1 utilizada por el responsable de la cookie con la finalidad de prestar el servicio solicitado.<\/td>\n<\/tr>\n<tr>\n<td class=\"ce_1\" rowspan=\"5\">SEG\u00daN SU FINALIDAD<\/td>\n<td>Cookies t\u00e9cnicas<\/td>\n<td>Son las necesarias para la correcta navegaci\u00f3n por la web.<\/td>\n<\/tr>\n<tr>\n<td>Cookies de personalizaci\u00f3n<\/td>\n<td>Permiten al usuario las caracter\u00edsticas (idioma) para la navegaci\u00f3n por la website.<\/td>\n<\/tr>\n<tr>\n<td>Cookies de an\u00e1lisis<\/td>\n<td>Permiten al prestador el an\u00e1lisis vinculado a la navegaci\u00f3n realizada por el usuario, con la finalidad de llevar un seguimiento de uso de la p\u00e1gina web, as\u00ed como realizar estad\u00edsticas de los contenidos m\u00e1s visitados, n\u00famero de visitantes, etc.<\/td>\n<\/tr>\n<tr>\n<td>Cookies publicitarias<\/td>\n<td>Permiten al editor incluir en la web, espacios publicitarios, seg\u00fan el contenido de la propia web.<\/td>\n<\/tr>\n<tr>\n<td>Cookies de publicidad comportamental<\/td>\n<td>Permiten al editor incluir en la p\u00e1gina web espacios publicitarios seg\u00fan la informaci\u00f3n obtenida a trav\u00e9s de los h\u00e1bitos de navegaci\u00f3n del usuario.<\/td>\n<\/tr>\n<\/tbody>\n<\/table>\n<\/div>\n<\/div>\n<\/div>\n<\/div>\n<\/div>\n<\/div>\n<\/div>\n<\/section>\n<section class=\"vc_rows wpb_rows vc_rows-fluid\">\n<div class=\"row\">\n<div class=\"wpb_column col-md-12 active\">\n<div class=\"wpb_wrapper\">\n<div class=\"wpb_raw_code wpb_content_element wpb_raw_html\">\n<div class=\"wpb_wrapper\">\n<p class=\"pke_1\">Seg\u00fan lo dispuesto en el art\u00edculo 22.2 de la Ley 34\/2002, de 11 de julio, de Servicios de la Sociedad de la Informaci\u00f3n y de Comercio Electr\u00f3nico (LSSI-CE), BAJO UN MISMO CIELO. ARNALEX S.L. informa de las cookies utilizadas en nuestra website:<\/p>\n<\/div>\n<\/div>\n<\/div>\n<\/div>\n<\/div>\n<\/section>\n<section class=\"vc_rows wpb_rows vc_rows-fluid\">\n<div class=\"row\">\n<div class=\"wpb_column col-md-12 active\">\n<div class=\"wpb_wrapper\">\n<div class=\"wpb_raw_code wpb_content_element wpb_raw_html\">\n<div class=\"wpb_wrapper\">\n<table class=\"table table-bordered\">\n<thead>\n<tr>\n<th rowspan=\"2\"><center>FINALIDAD<\/center><\/th>\n<th colspan=\"4\"><center>TIPOS DE COOKIES<\/center><\/th>\n<\/tr>\n<\/thead>\n<tbody>\n<tr class=\"pke_1\" align=\"center\">\n<td><\/td>\n<td>Cookies Propias<\/td>\n<td>Cookies de tercero<\/td>\n<td>Cookies de sesi\u00f3n<\/td>\n<td>Cookies persitentes<\/td>\n<\/tr>\n<tr>\n<td class=\"pke_1\">Cookies t\u00e9cnicas<\/td>\n<td><center>X<\/center><\/td>\n<td>&nbsp;<\/p>\n<div><\/div>\n<p>&nbsp;<\/td>\n<td>&nbsp;<\/p>\n<div><\/div>\n<p>&nbsp;<\/td>\n<td>&nbsp;<\/p>\n<div><\/div>\n<p>&nbsp;<\/td>\n<\/tr>\n<tr>\n<td class=\"pke_1\">Cookies de personalizaci\u00f3n<\/td>\n<td>&nbsp;<\/p>\n<div><\/div>\n<p>&nbsp;<\/td>\n<td>&nbsp;<\/p>\n<div><\/div>\n<p>&nbsp;<\/td>\n<td>&nbsp;<\/p>\n<div><\/div>\n<p>&nbsp;<\/td>\n<td>&nbsp;<\/p>\n<div><\/div>\n<p>&nbsp;<\/td>\n<\/tr>\n<tr>\n<td class=\"pke_1\">Cookies de an\u00e1lisis<\/td>\n<td>&nbsp;<\/p>\n<div><\/div>\n<p>&nbsp;<\/td>\n<td>&nbsp;<\/p>\n<div><\/div>\n<p>&nbsp;<\/td>\n<td>&nbsp;<\/p>\n<div><\/div>\n<p>&nbsp;<\/td>\n<td>&nbsp;<\/p>\n<div><\/div>\n<p>&nbsp;<\/td>\n<\/tr>\n<tr>\n<td class=\"pke_1\">Cookies publicitarias<\/td>\n<td>&nbsp;<\/p>\n<div><\/div>\n<p>&nbsp;<\/td>\n<td>&nbsp;<\/p>\n<div><\/div>\n<p>&nbsp;<\/td>\n<td>&nbsp;<\/p>\n<div><\/div>\n<p>&nbsp;<\/td>\n<td>&nbsp;<\/p>\n<div><\/div>\n<p>&nbsp;<\/td>\n<\/tr>\n<tr>\n<td class=\"pke_1\">Cookies de publicidad comportamental<\/td>\n<td>&nbsp;<\/p>\n<div><\/div>\n<p>&nbsp;<\/td>\n<td>&nbsp;<\/p>\n<div><\/div>\n<p>&nbsp;<\/td>\n<td>&nbsp;<\/p>\n<div><\/div>\n<p>&nbsp;<\/td>\n<td>&nbsp;<\/p>\n<div><\/div>\n<p>&nbsp;<\/td>\n<\/tr>\n<\/tbody>\n<\/table>\n<\/div>\n<\/div>\n<\/div>\n<\/div>\n<\/div>\n<\/section>\n<section class=\"vc_rows wpb_rows vc_rows-fluid\">\n<div class=\"row\">\n<div class=\"wpb_column col-md-12 active\">\n<div class=\"wpb_wrapper\">\n<div class=\"vc_empty_space\"><\/div>\n<\/div>\n<\/div>\n<\/div>\n<\/section>\n<section class=\"vc_rows wpb_rows vc_rows-fluid\">\n<div class=\"row\">\n<div class=\"wpb_column col-md-12 active\">\n<div class=\"wpb_wrapper\">\n<div class=\"wpb_raw_code wpb_content_element wpb_raw_html\">\n<div class=\"wpb_wrapper\">\n<p class=\"pke_1\"><strong>Google Analytics:<\/strong>\u00a0Almacena cookies para poder elaborar estad\u00edsticas sobre el tr\u00e1fico y volumen de visitas de esta web. Al utilizar este sitio web est\u00e1 consintiendo el tratamiento de informaci\u00f3n acerca de usted por Google. Por tanto, el ejercicio de cualquier derecho en este sentido deber\u00e1 hacerlo comunicando directamente con Google. Las cookies de Google Analytics, se almacenan en servidores ubicados en Estados Unidos y se compromete a no compartirla con terceros, excepto en los casos en los que sea necesario para el funcionamiento del sistema o cuando la ley obligue a tal efecto. Seg\u00fan Google no guarda su direcci\u00f3n IP.<\/p>\n<p class=\"pke_1\">Google Inc. es una compa\u00f1\u00eda adherida a \u201cPrivacy Shiels\u201d (escudo de privacidad) que garantiza que todos los datos transferidos ser\u00e1n tratados con un nivel de protecci\u00f3n acorde a la normativa europea. Puede consultar informaci\u00f3n detallada a este respecto a trav\u00e9s del siguiente enlace:\u00a0<a href=\"https:\/\/support.google.com\/analytics\/answer\/6004245\" target=\"_blank\" rel=\"noopener\"><u>https:\/\/support.google.com\/analytics\/answer\/6004245.<\/u><\/a><\/p>\n<p class=\"pke_1\">Si lo desea puede utilizar el Complemento de inhabilitaci\u00f3n para navegadores de Google Analytics a trav\u00e9s de cuyas instrucciones pueden rechazarse las cookies anal\u00edticas de dicho servicio en todos los navegadores. Puede consultar m\u00e1s informaci\u00f3n al respecto en el siguiente enlace:\u00a0<a href=\"https:\/\/tools.google.com\/dlpage\/gaoptout\" target=\"_blank\" rel=\"noopener\"><u>https:\/\/tools.google.com\/dlpage\/gaoptout<\/u><\/a><\/p>\n<p class=\"pke_1\">Asimismo, BAJO UN MISMO CIELO. ARNALEX S.L. informa al usuario de que tiene la posibilidad de configurar su navegador de modo que se le informe de la recepci\u00f3n de cookies, pudiendo, si as\u00ed lo desea, impedir que sean instaladas en su disco duro.<\/p>\n<p class=\"pke_1\">A continuaci\u00f3n le proporcionamos los enlaces de diversos navegadores, a trav\u00e9s de los cuales podr\u00e1 realizar dicha configuraci\u00f3n:<\/p>\n<ul class=\"pke_1\">\n<li>Firefox desde aqu\u00ed:\u00a0<a href=\"https:\/\/www.mozilla.org\/es-ES\/privacy\/websites\/#cookies\" target=\"_blank\" rel=\"noopener\"><u>https:\/\/www.mozilla.org\/es-ES\/privacy\/websites\/#cookies<\/u><\/a><\/li>\n<li>Chrome desde aqu\u00ed:\u00a0<a href=\"http:\/\/support.google.com\/chrome\/bin\/answer.py?hl=es&amp;answer=95647\" target=\"_blank\" rel=\"noopener\"><u>http:\/\/support.google.com\/chrome\/bin\/answer.py?hl=es&amp;answer=95647<\/u><\/a><\/li>\n<li>Explorer desde aqu\u00ed:\u00a0<a href=\"http:\/\/windows.microsoft.com\/es-es\/internet-explorer\/delete-managecookies#ie=ie-10\" target=\"_blank\" rel=\"noopener\"><u>http:\/\/windows.microsoft.com\/es-es\/internet-explorer\/delete-managecookies#ie=ie-10<\/u><\/a><\/li>\n<li>Safari desde aqu\u00ed:\u00a0<a href=\"https:\/\/support.apple.com\/kb\/ph17191?locale=es_ES\" target=\"_blank\" rel=\"noopener\"><u>https:\/\/support.apple.com\/kb\/ph17191?locale=es_ES<\/u><\/a><\/li>\n<li>Opera desde aqu\u00ed:\u00a0<a href=\"http:\/\/help.opera.com\/Windows\/11.50\/es-ES\/cookies.html\" target=\"_blank\" rel=\"noopener\"><u>http:\/\/help.opera.com\/Windows\/11.50\/es-ES\/cookies.html<\/u><\/a><\/li>\n<\/ul>\n<\/div>\n<\/div>\n<\/div>\n<\/div>\n<\/div>\n<\/section>\n<p>[\/vc_column_text]<div class=\"ult-spacer spacer-69debe7b0264d\" data-id=\"69debe7b0264d\" data-height=\"30\" data-height-mobile=\"30\" data-height-tab=\"30\" data-height-tab-portrait=\"\" data-height-mobile-landscape=\"\" style=\"clear:both;display:block;\"><\/div>[\/vc_column][\/vc_row]<\/p>\n<\/section>","protected":false},"excerpt":{"rendered":"<p class=\"card-text\">[vc_row full_width=&#8221;stretch_row&#8221; animation_type=&#8221;h&#8221; horizontal_animation=&#8221;left-animation&#8221; vertical_animation=&#8221;top-animation&#8221; css=&#8221;.vc_custom_1448202694210{margin-bottom: 0px !important;padding-top: 100px !important;background-color: #ffffff !important;}&#8221;][vc_column][vc_column_text] Una Cookie es un fichero que se descarga en su ordenador al acceder a determinadas p\u00e1ginas web. Las cookies permiten a una p\u00e1gina web, entre otras cosas, almacenar y recuperar informaci\u00f3n sobre los h\u00e1bitos de navegaci\u00f3n de un usuario o de su equipo [&#8230;]<\/p>\n<p class=\"m-0\"><a class=\"btn btn-outline-secondary btn-read-more\" href=\"https:\/\/bumca.es\/?page_id=1676\">Read More<\/a><\/p>\n","protected":false},"author":1,"featured_media":0,"parent":0,"menu_order":0,"comment_status":"closed","ping_status":"closed","template":"","meta":{"footnotes":""},"class_list":["post-1676","page","type-page","status-publish","hentry"],"_links":{"self":[{"href":"https:\/\/bumca.es\/index.php?rest_route=\/wp\/v2\/pages\/1676","targetHints":{"allow":["GET"]}}],"collection":[{"href":"https:\/\/bumca.es\/index.php?rest_route=\/wp\/v2\/pages"}],"about":[{"href":"https:\/\/bumca.es\/index.php?rest_route=\/wp\/v2\/types\/page"}],"author":[{"embeddable":true,"href":"https:\/\/bumca.es\/index.php?rest_route=\/wp\/v2\/users\/1"}],"replies":[{"embeddable":true,"href":"https:\/\/bumca.es\/index.php?rest_route=%2Fwp%2Fv2%2Fcomments&post=1676"}],"version-history":[{"count":4,"href":"https:\/\/bumca.es\/index.php?rest_route=\/wp\/v2\/pages\/1676\/revisions"}],"predecessor-version":[{"id":1788,"href":"https:\/\/bumca.es\/index.php?rest_route=\/wp\/v2\/pages\/1676\/revisions\/1788"}],"wp:attachment":[{"href":"https:\/\/bumca.es\/index.php?rest_route=%2Fwp%2Fv2%2Fmedia&parent=1676"}],"curies":[{"name":"wp","href":"https:\/\/api.w.org\/{rel}","templated":true}]}}