{"id":162,"date":"2017-02-20T09:48:49","date_gmt":"2017-02-20T09:48:49","guid":{"rendered":"http:\/\/theme.visualmodo.com\/marvel\/?page_id=162"},"modified":"2024-05-28T07:52:43","modified_gmt":"2024-05-28T07:52:43","slug":"home","status":"publish","type":"page","link":"https:\/\/bumca.es\/","title":{"rendered":"Inicio"},"content":{"rendered":"<section class=\"wpb-content-wrapper\"><p>[vc_row css=&#8221;.vc_custom_1487599765599{padding-top: 100px !important;}&#8221;][vc_column width=&#8221;1\/6&#8243;][\/vc_column][vc_column width=&#8221;2\/3&#8243;][vc_column_text css_animation=&#8221;fadeInUp&#8221;]<\/p>\n<h3 style=\"font-size: 30px; line-height: 44px !important; text-align: center;\">&#8220;Trazando el \u00c9xito: Explorando la Diversidad de BUMCA&#8221;<\/h3>\n<p>[\/vc_column_text][vc_column_text]<\/p>\n<p style=\"font-size: 18px; color: #888888; text-align: center;\">Descubre la versatilidad de BUMCA, l\u00edder en m\u00faltiples sectores: desde log\u00edstica con GALYCO hasta seguridad con GLOBAL POST, brindamos soluciones integrales para impulsar tu \u00e9xito en cada paso<\/p>\n<p>[\/vc_column_text][\/vc_column][vc_column width=&#8221;1\/6&#8243;][\/vc_column][\/vc_row][vc_row full_width=&#8221;stretch_row_content_no_spaces&#8221; gap=&#8221;5&#8243; equal_height=&#8221;yes&#8221; content_placement=&#8221;middle&#8221; bg_type=&#8221;grad&#8221; bg_grad=&#8221;background: -webkit-gradient(linear, left top, left bottom, color-stop(0%, #8F59CD), color-stop(99%, #2CC2A4));background: -moz-linear-gradient(top,#8F59CD 0%,#2CC2A4 99%);background: -webkit-linear-gradient(top,#8F59CD 0%,#2CC2A4 99%);background: -o-linear-gradient(top,#8F59CD 0%,#2CC2A4 99%);background: -ms-linear-gradient(top,#8F59CD 0%,#2CC2A4 99%);background: linear-gradient(top,#8F59CD 0%,#2CC2A4 99%);&#8221;][vc_column width=&#8221;1\/4&#8243;][vc_empty_space height=&#8221;100px&#8221;][vc_custom_heading text=&#8221;LOGISTICA 3PL&#8221; font_container=&#8221;tag:h3|font_size:30px|text_align:left|color:%23ffffff|line_height:44px&#8221; google_fonts=&#8221;font_family:Oswald%3A300%2Cregular%2C700|font_style:400%20regular%3A400%3Anormal&#8221; css_animation=&#8221;fadeInUp&#8221; css=&#8221;.vc_custom_1715101739347{padding-right: 50px !important;padding-left: 50px !important;}&#8221; link=&#8221;url:http%3A%2F%2Fwww.galyco.com|target:_blank&#8221;][vc_column_text css_animation=&#8221;fadeInUp&#8221; css=&#8221;.vc_custom_1714746531055{padding-top: 30px !important;padding-right: 50px !important;padding-left: 50px !important;}&#8221;]<\/p>\n<p style=\"font-size: 18px; color: #ffffff; text-align: justify;\">Somos una empresa de log\u00edstica en Barcelona y operador log\u00edstico , como Operador Log\u00edstico integral ofrecemos soluciones log\u00edsticas a medida para la gesti\u00f3n del aprovisionamiento y distribuci\u00f3n de sus mercanc\u00edas.<\/p>\n<p>[\/vc_column_text][vc_single_image image=&#8221;1457&#8243; img_size=&#8221;200&#8243; alignment=&#8221;center&#8221; onclick=&#8221;custom_link&#8221; img_link_target=&#8221;_blank&#8221; link=&#8221;http:\/\/www.galyco.com&#8221;][vc_empty_space height=&#8221;100px&#8221;][\/vc_column][vc_column width=&#8221;1\/4&#8243; css=&#8221;.vc_custom_1716116099405{background-image: url(https:\/\/bumca.es\/wp-content\/uploads\/2024\/05\/BUMCA-2-5-09.png?id=1666) !important;background-position: center !important;background-repeat: no-repeat !important;background-size: cover !important;}&#8221;][vc_empty_space height=&#8221;500px&#8221;][\/vc_column][vc_column width=&#8221;1\/4&#8243;][vc_custom_heading text=&#8221;PAQUETER\u00cdA &amp; TRANSPORTE&#8221; font_container=&#8221;tag:h3|font_size:30px|text_align:left|color:%23ffffff|line_height:44px&#8221; google_fonts=&#8221;font_family:Oswald%3A300%2Cregular%2C700|font_style:400%20regular%3A400%3Anormal&#8221; css_animation=&#8221;fadeInUp&#8221; css=&#8221;.vc_custom_1715158199907{padding-right: 50px !important;padding-left: 50px !important;}&#8221; link=&#8221;url:http%3A%2F%2Fwww.parcelonedis.com|target:_blank&#8221;][vc_column_text css_animation=&#8221;fadeInUp&#8221; css=&#8221;.vc_custom_1716882759530{padding-top: 30px !important;padding-right: 50px !important;padding-left: 50px !important;}&#8221;]<\/p>\n<p style=\"font-size: 18px; color: #fff; text-align: justify;\">Uno de los servicios de paqueter\u00eda l\u00edderes en Espa\u00f1a y Europa Desde 2005, la filial de GLS, GLS Spain, ha estado en continuo crecimiento ofreciendo servicios de log\u00edstica de paqueter\u00eda que la han convertido en una de las compa\u00f1\u00edas del sector l\u00edderes en calidad, siendo la \u00fanica red agencial con alcance europeo.<\/p>\n<p style=\"font-size: 18px; color: #fff; text-align: justify;\">Nuestra agencia 83 de GLS, permite a nuestros clientes acceder a un portafolio de transporte y distribuci\u00f3n l\u00edder en el mercado europeo.<\/p>\n<p>[\/vc_column_text][vc_single_image image=&#8221;1487&#8243; img_size=&#8221;full&#8221; alignment=&#8221;center&#8221; onclick=&#8221;custom_link&#8221; img_link_target=&#8221;_blank&#8221; link=&#8221;http:\/\/www.parcelonedis.com&#8221;][\/vc_column][vc_column width=&#8221;1\/4&#8243; css=&#8221;.vc_custom_1715811655666{background-image: url(https:\/\/bumca.es\/wp-content\/uploads\/2024\/05\/BUMCA-2-5-04.png?id=1662) !important;background-position: center !important;background-repeat: no-repeat !important;background-size: cover !important;}&#8221;][vc_empty_space height=&#8221;500px&#8221;][\/vc_column][\/vc_row][vc_row full_width=&#8221;stretch_row_content_no_spaces&#8221; gap=&#8221;5&#8243; equal_height=&#8221;yes&#8221; content_placement=&#8221;middle&#8221; bg_type=&#8221;grad&#8221; bg_grad=&#8221;background: url(data:image\/svg+xml;base64,PHN2ZyB4bWxucz0iaHR0cDovL3d3dy53My5vcmcvMjAwMC9zdmciPjxkZWZzPjxsaW5lYXJHcmFkaWVudCBpZD0iZ3JhZGllbnQiIHgxPSIwJSIgeTE9IjAlIiB4Mj0iMCUiIHkyPSIxMDAlIj48c3RvcCBvZmZzZXQ9IjAlIiBzdHlsZT0ic3RvcC1jb2xvcjojOEY1OUNEOyIgLz48c3RvcCBvZmZzZXQ9IjEwMCUiIHN0eWxlPSJzdG9wLWNvbG9yOiMyQ0MyQTQ7IiAvPjwvbGluZWFyR3JhZGllbnQ+PC9kZWZzPjxyZWN0IGZpbGw9InVybCgjZ3JhZGllbnQpIiBoZWlnaHQ9IjEwMCUiIHdpZHRoPSIxMDAlIiAvPjwvc3ZnPg==);background: -webkit-gradient(linear, left top, left bottom, color-stop(0%, #8F59CD), color-stop(100%, #2CC2A4));background: -moz-linear-gradient(top,#8F59CD 0%,#2CC2A4 100%);background: -webkit-linear-gradient(top,#8F59CD 0%,#2CC2A4 100%);background: -o-linear-gradient(top,#8F59CD 0%,#2CC2A4 100%);background: -ms-linear-gradient(top,#8F59CD 0%,#2CC2A4 100%);background: linear-gradient(top,#8F59CD 0%,#2CC2A4 100%);&#8221;][vc_column width=&#8221;1\/4&#8243; css=&#8221;.vc_custom_1715811676648{background-image: url(https:\/\/bumca.es\/wp-content\/uploads\/2024\/05\/BUMCA-2-5-02.png?id=1660) !important;background-position: center !important;background-repeat: no-repeat !important;background-size: cover !important;}&#8221;][vc_empty_space height=&#8221;500px&#8221;][\/vc_column][vc_column width=&#8221;1\/4&#8243;][vc_empty_space height=&#8221;100px&#8221;][vc_custom_heading text=&#8221;CONSULTOR\u00cdA&#8221; font_container=&#8221;tag:h3|font_size:30px|text_align:left|color:%23ffffff|line_height:44px&#8221; google_fonts=&#8221;font_family:Oswald%3A300%2Cregular%2C700|font_style:400%20regular%3A400%3Anormal&#8221; css_animation=&#8221;fadeInUp&#8221; css=&#8221;.vc_custom_1715158262330{padding-right: 50px !important;padding-left: 50px !important;}&#8221; link=&#8221;url:https%3A%2F%2Fwww.cocamolina.com|target:_blank&#8221;][vc_column_text css_animation=&#8221;fadeInUp&#8221; css=&#8221;.vc_custom_1714945272555{padding-top: 30px !important;padding-right: 50px !important;padding-left: 50px !important;}&#8221;]<\/p>\n<p style=\"font-size: 18px; color: #ffffff; text-align: justify;\">Transformando ideas en resultados. Nuestra consultor\u00eda te gu\u00eda hacia el \u00e9xito empresarial. Descubre c\u00f3mo podemos ayudarte a alcanzar tus metas.<\/p>\n<p>[\/vc_column_text][vc_single_image image=&#8221;1526&#8243; img_size=&#8221;full&#8221; alignment=&#8221;center&#8221; onclick=&#8221;custom_link&#8221; img_link_target=&#8221;_blank&#8221; link=&#8221;http:\/\/www.cocamolina.com&#8221;][vc_empty_space height=&#8221;100px&#8221;][\/vc_column][vc_column width=&#8221;1\/4&#8243; css=&#8221;.vc_custom_1715811695751{background-image: url(https:\/\/bumca.es\/wp-content\/uploads\/2024\/05\/BUMCA-2-5-01.png?id=1659) !important;background-position: center !important;background-repeat: no-repeat !important;background-size: cover !important;}&#8221;][vc_empty_space height=&#8221;500px&#8221;][\/vc_column][vc_column width=&#8221;1\/4&#8243;][vc_custom_heading text=&#8221;PRODUCTOS DE SEGURIDAD&#8221; font_container=&#8221;tag:h3|font_size:30px|text_align:left|color:%23ffffff|line_height:44px&#8221; google_fonts=&#8221;font_family:Oswald%3A300%2Cregular%2C700|font_style:400%20regular%3A400%3Anormal&#8221; css_animation=&#8221;fadeInUp&#8221; css=&#8221;.vc_custom_1714465759951{padding-right: 50px !important;padding-left: 50px !important;}&#8221; link=&#8221;url:http%3A%2F%2Fwww.global-post.com|target:_blank&#8221;][vc_column_text css_animation=&#8221;fadeInUp&#8221; css=&#8221;.vc_custom_1715115042062{padding-top: 30px !important;padding-right: 50px !important;padding-left: 50px !important;}&#8221;]<\/p>\n<p style=\"font-size: 18px; color: #fff; text-align: justify;\">Somos profesionales especializados en dar soluciones personalizadas en equipamiento y material de almac\u00e9n. Pres\u00e9ntanos tu idea y te ayudamos a crear tu proyecto.<\/p>\n<p>[\/vc_column_text][vc_single_image image=&#8221;1507&#8243; img_size=&#8221;full&#8221; alignment=&#8221;center&#8221; onclick=&#8221;custom_link&#8221; img_link_target=&#8221;_blank&#8221; link=&#8221;https:\/\/www.global-post.com&#8221;][\/vc_column][\/vc_row][vc_row full_width=&#8221;stretch_row_content_no_spaces&#8221; gap=&#8221;5&#8243; equal_height=&#8221;yes&#8221; content_placement=&#8221;middle&#8221; bg_type=&#8221;grad&#8221; bg_grad=&#8221;background: -webkit-gradient(linear, left top, left bottom, color-stop(0%, #8F59CD), color-stop(100%, #2CC2A4));background: -moz-linear-gradient(top,#8F59CD 0%,#2CC2A4 100%);background: -webkit-linear-gradient(top,#8F59CD 0%,#2CC2A4 100%);background: -o-linear-gradient(top,#8F59CD 0%,#2CC2A4 100%);background: -ms-linear-gradient(top,#8F59CD 0%,#2CC2A4 100%);background: linear-gradient(top,#8F59CD 0%,#2CC2A4 100%);&#8221;][vc_column width=&#8221;1\/4&#8243;][vc_empty_space height=&#8221;100px&#8221;][vc_custom_heading text=&#8221;DISTRIBUCI\u00d3N&#8221; font_container=&#8221;tag:h3|font_size:30px|text_align:left|color:%23ffffff|line_height:44px&#8221; google_fonts=&#8221;font_family:Oswald%3A300%2Cregular%2C700|font_style:400%20regular%3A400%3Anormal&#8221; css_animation=&#8221;fadeInUp&#8221; css=&#8221;.vc_custom_1714465778777{padding-right: 50px !important;padding-left: 50px !important;}&#8221;][vc_column_text css_animation=&#8221;fadeInUp&#8221; css=&#8221;.vc_custom_1714945092180{padding-top: 30px !important;padding-right: 50px !important;padding-left: 50px !important;}&#8221;]<\/p>\n<p style=\"font-size: 18px; color: #ffffff; text-align: justify;\">Expandiendo horizontes. Nuestro servicio de distribuci\u00f3n lleva tus productos donde necesitan estar. Conf\u00eda en nosotros para hacer llegar tus productos al mundo.<\/p>\n<p>[\/vc_column_text][vc_single_image image=&#8221;1518&#8243; img_size=&#8221;full&#8221; alignment=&#8221;center&#8221; onclick=&#8221;custom_link&#8221; img_link_target=&#8221;_blank&#8221; link=&#8221;http:\/\/www.galyco.com&#8221;][vc_empty_space height=&#8221;100px&#8221;][\/vc_column][vc_column width=&#8221;1\/4&#8243; css=&#8221;.vc_custom_1716122233441{background-image: url(https:\/\/bumca.es\/wp-content\/uploads\/2024\/05\/VIA-ANNIA-06.png?id=1742) !important;background-position: center !important;background-repeat: no-repeat !important;background-size: cover !important;}&#8221;][vc_empty_space height=&#8221;500px&#8221;][\/vc_column][vc_column width=&#8221;1\/4&#8243;][vc_custom_heading text=&#8221;LOG\u00cdSTICA PROMOCIONAL Y MARKETING&#8221; font_container=&#8221;tag:h3|font_size:30px|text_align:left|color:%23ffffff|line_height:44px&#8221; google_fonts=&#8221;font_family:Oswald%3A300%2Cregular%2C700|font_style:400%20regular%3A400%3Anormal&#8221; css_animation=&#8221;fadeInUp&#8221; css=&#8221;.vc_custom_1715158084792{padding-right: 50px !important;padding-left: 50px !important;}&#8221; link=&#8221;url:http%3A%2F%2Fwww.galan-forwarding.com%2F|target:_blank&#8221;][vc_column_text css_animation=&#8221;fadeInUp&#8221; css=&#8221;.vc_custom_1715115056582{padding-top: 30px !important;padding-right: 50px !important;padding-left: 50px !important;}&#8221;]<\/p>\n<p style=\"font-size: 18px; color: #fff; text-align: justify;\">Ideas que llegan lejos. Nuestra log\u00edstica promocional y de marketing impulsa tu marca hacia el \u00e9xito. Descubre c\u00f3mo podemos llevar tu mensaje m\u00e1s all\u00e1 de las expectativas.<\/p>\n<p>[\/vc_column_text][vc_single_image image=&#8221;1511&#8243; img_size=&#8221;full&#8221; alignment=&#8221;center&#8221; onclick=&#8221;custom_link&#8221; img_link_target=&#8221;_blank&#8221; link=&#8221;http:\/\/www.galan-forwarding.com&#8221;][\/vc_column][vc_column width=&#8221;1\/4&#8243; css=&#8221;.vc_custom_1715811724130{background-image: url(https:\/\/bumca.es\/wp-content\/uploads\/2024\/05\/BUMCA-2-5-05.png?id=1663) !important;background-position: center !important;background-repeat: no-repeat !important;background-size: cover !important;}&#8221;][vc_empty_space height=&#8221;500px&#8221;][\/vc_column][\/vc_row][vc_row full_width=&#8221;stretch_row_content_no_spaces&#8221; gap=&#8221;5&#8243; equal_height=&#8221;yes&#8221; content_placement=&#8221;middle&#8221; bg_type=&#8221;grad&#8221; bg_grad=&#8221;background: -webkit-gradient(linear, left top, left bottom, color-stop(0%, #8F59CD), color-stop(100%, #2CC2A4));background: -moz-linear-gradient(top,#8F59CD 0%,#2CC2A4 100%);background: -webkit-linear-gradient(top,#8F59CD 0%,#2CC2A4 100%);background: -o-linear-gradient(top,#8F59CD 0%,#2CC2A4 100%);background: -ms-linear-gradient(top,#8F59CD 0%,#2CC2A4 100%);background: linear-gradient(top,#8F59CD 0%,#2CC2A4 100%);&#8221;][vc_column width=&#8221;1\/2&#8243; css=&#8221;.vc_custom_1716224860558{background-image: url(https:\/\/bumca.es\/wp-content\/uploads\/2024\/05\/gd-010.png?id=1760) !important;background-position: center !important;background-repeat: no-repeat !important;background-size: cover !important;}&#8221;][vc_empty_space height=&#8221;500px&#8221;][\/vc_column][vc_column width=&#8221;1\/2&#8243;][vc_empty_space height=&#8221;70px&#8221;][vc_custom_heading text=&#8221;DISTRIBUCI\u00d3N FARMACEUTICA&#8221; font_container=&#8221;tag:h3|font_size:30px|text_align:left|color:%23ffffff|line_height:44px&#8221; google_fonts=&#8221;font_family:Oswald%3A300%2Cregular%2C700|font_style:400%20regular%3A400%3Anormal&#8221; css_animation=&#8221;fadeInUp&#8221; css=&#8221;.vc_custom_1715158099774{padding-right: 50px !important;padding-left: 50px !important;}&#8221; link=&#8221;url:http%3A%2F%2Fwww.gdpharma.es|target:_blank&#8221;][vc_column_text css_animation=&#8221;fadeInUp&#8221; css=&#8221;.vc_custom_1714945151871{padding-top: 30px !important;padding-right: 50px !important;padding-left: 50px !important;}&#8221;]<\/p>\n<p style=\"font-size: 18px; color: #ffffff; text-align: justify;\">Disponemos de puntos log\u00edsticos cuidadosamente adaptados para mantener las condiciones de temperatura \u00f3ptimas que son clave para la recogida, el almacenamiento y la entrega de productos.<\/p>\n<p>[\/vc_column_text][vc_single_image image=&#8221;1480&#8243; img_size=&#8221;350&#8243; alignment=&#8221;center&#8221; onclick=&#8221;custom_link&#8221; img_link_target=&#8221;_blank&#8221; link=&#8221;https:\/\/gdpharma.es&#8221;][vc_empty_space height=&#8221;70px&#8221;][\/vc_column][\/vc_row][vc_row full_width=&#8221;stretch_row&#8221; css=&#8221;.vc_custom_1487598126226{padding-bottom: 100px !important;background-color: #f5f5f5 !important;}&#8221;][vc_column][vc_separator][vc_row_inner][vc_column_inner width=&#8221;1\/3&#8243;][ve_infobox title_tag=&#8221;h4&#8243; title=&#8221;TECNOLOG\u00cdA EFICIENTE&#8221;]Implementaci\u00f3n de tecnolog\u00eda de vanguardia para optimizar la cadena de suministro.[\/ve_infobox][\/vc_column_inner][vc_column_inner width=&#8221;1\/3&#8243;][ve_infobox title_tag=&#8221;h4&#8243; title=&#8221;MARKETING CREATIVO&#8221;]Desarrollo de campa\u00f1as de marketing innovadoras para promover productos y servicios.[\/ve_infobox][\/vc_column_inner][vc_column_inner width=&#8221;1\/3&#8243;][ve_infobox title_tag=&#8221;h4&#8243; title=&#8221;SEGURIDAD INTEGRAL&#8221;]Colaboraci\u00f3n estrecha con expertos en seguridad para garantizar la protecci\u00f3n de activos y datos sensibles.[\/ve_infobox][\/vc_column_inner][\/vc_row_inner][\/vc_column][\/vc_row][vc_row full_width=&#8221;stretch_row&#8221; bg_type=&#8221;grad&#8221; css=&#8221;.vc_custom_1715971730638{padding-top: 50px !important;padding-bottom: 50px !important;}&#8221; bg_grad=&#8221;background: -webkit-gradient(linear, left top, left bottom, color-stop(0%, #8F59CD), color-stop(100%, #2CC2A4));background: -moz-linear-gradient(top,#8F59CD 0%,#2CC2A4 100%);background: -webkit-linear-gradient(top,#8F59CD 0%,#2CC2A4 100%);background: -o-linear-gradient(top,#8F59CD 0%,#2CC2A4 100%);background: -ms-linear-gradient(top,#8F59CD 0%,#2CC2A4 100%);background: linear-gradient(top,#8F59CD 0%,#2CC2A4 100%);&#8221;][vc_column width=&#8221;1\/6&#8243;][\/vc_column][vc_column width=&#8221;2\/3&#8243;][vc_column_text css_animation=&#8221;fadeInUp&#8221;]<\/p>\n<h3 style=\"font-size: 30px; line-height: 44px !important; text-align: center; color: #fff;\"><strong>Nos especializamos en una variedad de \u00e1reas clave para el \u00e9xito empresarial<\/strong><\/h3>\n<p>[\/vc_column_text][vc_column_text]<\/p>\n<p style=\"font-size: 18px; color: rgba(255,255,255,0.8); text-align: center;\">Desde la log\u00edstica 3PL y el transporte de paqueter\u00eda hasta la consultor\u00eda estrat\u00e9gica y la distribuci\u00f3n farmac\u00e9utica, ofrecemos soluciones integrales que abarcan desde la seguridad de productos hasta la log\u00edstica promocional y el marketing.<br \/>\nNuestro compromiso con la excelencia se extiende a la producci\u00f3n de eventos, donde creamos experiencias memorables que reflejan tu marca.<\/p>\n<p>[\/vc_column_text][\/vc_column][vc_column width=&#8221;1\/6&#8243;][\/vc_column][\/vc_row][vc_row full_width=&#8221;stretch_row_content_no_spaces&#8221; equal_height=&#8221;yes&#8221; css=&#8221;.vc_custom_1487601417739{background-color: #f5f5f5 !important;}&#8221;][vc_column width=&#8221;1\/2&#8243; css=&#8221;.vc_custom_1714978849313{background-image: url(https:\/\/bumca.es\/wp-content\/uploads\/2024\/05\/Web-e1714978779394.jpg?id=1515) !important;background-position: center !important;background-repeat: no-repeat !important;background-size: cover !important;}&#8221;][vc_empty_space height=&#8221;350px&#8221;][\/vc_column][vc_column width=&#8221;1\/2&#8243; css=&#8221;.vc_custom_1487601656806{padding-top: 20% !important;padding-right: 15% !important;padding-bottom: 20% !important;padding-left: 15% !important;}&#8221;][vc_column_text css_animation=&#8221;fadeInUp&#8221;]<\/p>\n<h3 style=\"font-size: 30px; line-height: 44px !important;\"><strong>LA CREATIVIDAD ES PENSAR DE MANERA M\u00c1S EFICIENTE<\/strong><\/h3>\n<p>[\/vc_column_text][vc_column_text]<\/p>\n<p style=\"font-size: 18px; color: #888; text-align: justify;\">Desde la log\u00edstica de transporte hasta la distribuci\u00f3n farmac\u00e9utica y la producci\u00f3n de eventos, creamos soluciones integrales que marcan la diferencia. Con experiencia y conocimientos, desarrollamos la mejor optimizaci\u00f3n para tu negocio en cada aspecto, ofreciendo soluciones \u00fanicas y eficaces.<\/p>\n<p>[\/vc_column_text][\/vc_column][\/vc_row][vc_row content_placement=&#8221;middle&#8221; css=&#8221;.vc_custom_1487600345374{padding-top: 50px !important;padding-bottom: 100px !important;}&#8221;][vc_column width=&#8221;1\/2&#8243;][vc_column_text css_animation=&#8221;fadeInUp&#8221;]<\/p>\n<h3 style=\"font-size: 30px; line-height: 44px !important;\">SOLUCIONES \u00daNICAS Y FUNCIONALES<\/h3>\n<p>[\/vc_column_text][vc_column_text]<\/p>\n<p style=\"font-size: 18px; color: #888; text-align: justify;\">Nuestro grupo abarca una amplia gama de industrias para ofrecerte soluciones integrales y adaptadas a tus necesidades. Con experiencia y un enfoque centrado en el cliente, ofrecemos servicios que van m\u00e1s all\u00e1 de lo convencional, brindando resultados que marcan la diferencia. Conf\u00eda en nosotros para llevar tu negocio al siguiente nivel.<\/p>\n<p>[\/vc_column_text][\/vc_column][vc_column width=&#8221;1\/2&#8243;][ve_progress_bar style=&#8221;progress-square&#8221; field=&#8221;Desarrollo&#8221; percentage=&#8221;95&#8243; height=&#8221;2px&#8221; css=&#8221;.vc_custom_1714460770248{padding-bottom: 15px !important;}&#8221;][ve_progress_bar style=&#8221;progress-square&#8221; field=&#8221;Dise\u00f1o&#8221; percentage=&#8221;70&#8243; height=&#8221;2px&#8221; css=&#8221;.vc_custom_1714460785600{padding-bottom: 15px !important;}&#8221;][ve_progress_bar style=&#8221;progress-square&#8221; field=&#8221;Marketing&#8221; percentage=&#8221;80&#8243; height=&#8221;2px&#8221; css=&#8221;.vc_custom_1714460796344{padding-bottom: 15px !important;}&#8221;][ve_progress_bar style=&#8221;progress-square&#8221; field=&#8221;Estrategia Digital&#8221; percentage=&#8221;90&#8243; height=&#8221;2px&#8221; css=&#8221;.vc_custom_1714460817842{padding-bottom: 15px !important;}&#8221;][\/vc_column][\/vc_row]<\/p>\n<\/section>","protected":false},"excerpt":{"rendered":"<p class=\"card-text\">[vc_row css=&#8221;.vc_custom_1487599765599{padding-top: 100px !important;}&#8221;][vc_column width=&#8221;1\/6&#8243;][\/vc_column][vc_column width=&#8221;2\/3&#8243;][vc_column_text css_animation=&#8221;fadeInUp&#8221;] &#8220;Trazando el \u00c9xito: Explorando la Diversidad de BUMCA&#8221; [\/vc_column_text][vc_column_text] Descubre la versatilidad de BUMCA, l\u00edder en m\u00faltiples sectores: desde log\u00edstica con GALYCO hasta seguridad con GLOBAL POST, brindamos soluciones integrales para impulsar tu \u00e9xito en cada paso [\/vc_column_text][\/vc_column][vc_column width=&#8221;1\/6&#8243;][\/vc_column][\/vc_row][vc_row full_width=&#8221;stretch_row_content_no_spaces&#8221; gap=&#8221;5&#8243; equal_height=&#8221;yes&#8221; content_placement=&#8221;middle&#8221; bg_type=&#8221;grad&#8221; bg_grad=&#8221;background: -webkit-gradient(linear, left top, [&#8230;]<\/p>\n<p class=\"m-0\"><a class=\"btn btn-outline-secondary btn-read-more\" href=\"https:\/\/bumca.es\/\">Read More<\/a><\/p>\n","protected":false},"author":1,"featured_media":0,"parent":0,"menu_order":0,"comment_status":"closed","ping_status":"closed","template":"","meta":{"footnotes":""},"class_list":["post-162","page","type-page","status-publish","hentry"],"_links":{"self":[{"href":"https:\/\/bumca.es\/index.php?rest_route=\/wp\/v2\/pages\/162","targetHints":{"allow":["GET"]}}],"collection":[{"href":"https:\/\/bumca.es\/index.php?rest_route=\/wp\/v2\/pages"}],"about":[{"href":"https:\/\/bumca.es\/index.php?rest_route=\/wp\/v2\/types\/page"}],"author":[{"embeddable":true,"href":"https:\/\/bumca.es\/index.php?rest_route=\/wp\/v2\/users\/1"}],"replies":[{"embeddable":true,"href":"https:\/\/bumca.es\/index.php?rest_route=%2Fwp%2Fv2%2Fcomments&post=162"}],"version-history":[{"count":302,"href":"https:\/\/bumca.es\/index.php?rest_route=\/wp\/v2\/pages\/162\/revisions"}],"predecessor-version":[{"id":1783,"href":"https:\/\/bumca.es\/index.php?rest_route=\/wp\/v2\/pages\/162\/revisions\/1783"}],"wp:attachment":[{"href":"https:\/\/bumca.es\/index.php?rest_route=%2Fwp%2Fv2%2Fmedia&parent=162"}],"curies":[{"name":"wp","href":"https:\/\/api.w.org\/{rel}","templated":true}]}}